{"id":10547,"date":"2025-03-22T21:13:12","date_gmt":"2025-03-22T21:13:12","guid":{"rendered":"https:\/\/ibcsexam.com\/es\/?page_id=10547"},"modified":"2025-09-24T16:31:23","modified_gmt":"2025-09-24T16:31:23","slug":"concejo","status":"publish","type":"page","link":"https:\/\/ibcsexam.com\/es\/concejo\/","title":{"rendered":"Concejo"},"content":{"rendered":"<p>[et_pb_section fb_built=\u00bb1&#8243; disabled_on=\u00bbon|on|off\u00bb _builder_version=\u00bb4.27.4&#8243; _module_preset=\u00bbdefault\u00bb background_image=\u00bbhttps:\/\/ibcsexam.com\/es\/wp-content\/uploads\/2025\/03\/Banner-Board.jpg\u00bb custom_padding=\u00bb38px||134px|||\u00bb locked=\u00bboff\u00bb global_colors_info=\u00bb{}\u00bb][et_pb_row column_structure=\u00bb1_2,1_2&#8243; _builder_version=\u00bb4.27.4&#8243; _module_preset=\u00bbdefault\u00bb custom_margin=\u00bb|auto||155px||\u00bb global_colors_info=\u00bb{}\u00bb][et_pb_column type=\u00bb1_2&#8243; _builder_version=\u00bb4.27.4&#8243; _module_preset=\u00bbdefault\u00bb global_colors_info=\u00bb{}\u00bb][et_pb_text _builder_version=\u00bb4.27.4&#8243; _module_preset=\u00bbdefault\u00bb text_font=\u00bb&#8211;et_global_body_font|800|||||||\u00bb text_text_color=\u00bb#000000&#8243; text_font_size=\u00bb100px\u00bb text_letter_spacing=\u00bb-1px\u00bb header_text_color=\u00bb#0a98b5&#8243; header_font_size=\u00bb76px\u00bb custom_margin=\u00bb113px|-19px||-19px||true\u00bb header_text_shadow_style=\u00bbpreset1&#8243; header_text_shadow_blur_strength=\u00bb0.15em\u00bb locked=\u00bboff\u00bb global_colors_info=\u00bb{}\u00bb]<\/p>\n<h1>\u00bfQui\u00e9nes Integran el Concejo del IBCS?<\/h1>\n<p>[\/et_pb_text][\/et_pb_column][et_pb_column type=\u00bb1_2&#8243; _builder_version=\u00bb4.27.4&#8243; _module_preset=\u00bbdefault\u00bb global_colors_info=\u00bb{}\u00bb][\/et_pb_column][\/et_pb_row][\/et_pb_section][et_pb_section fb_built=\u00bb1&#8243; disabled_on=\u00bboff|off|on\u00bb _builder_version=\u00bb4.27.4&#8243; _module_preset=\u00bbdefault\u00bb background_image=\u00bbhttps:\/\/ibcsexam.com\/es\/wp-content\/uploads\/2025\/03\/Banner-Board-Mobile.jpg\u00bb custom_padding=\u00bb38px||269px|||\u00bb locked=\u00bboff\u00bb global_colors_info=\u00bb{}\u00bb][et_pb_row _builder_version=\u00bb4.27.4&#8243; _module_preset=\u00bbdefault\u00bb custom_margin=\u00bb|auto||39px||\u00bb custom_padding=\u00bb13px|||||\u00bb global_colors_info=\u00bb{}\u00bb][et_pb_column type=\u00bb4_4&#8243; _builder_version=\u00bb4.27.4&#8243; _module_preset=\u00bbdefault\u00bb global_colors_info=\u00bb{}\u00bb][et_pb_text _builder_version=\u00bb4.27.4&#8243; _module_preset=\u00bbdefault\u00bb text_font=\u00bb&#8211;et_global_body_font|800|||||||\u00bb text_text_color=\u00bb#000000&#8243; text_font_size=\u00bb100px\u00bb text_letter_spacing=\u00bb-1px\u00bb header_text_color=\u00bb#0a98b5&#8243; header_font_size=\u00bb37px\u00bb custom_margin=\u00bb4px|7px||7px||true\u00bb custom_padding=\u00bb||25px|||\u00bb header_text_shadow_style=\u00bbpreset1&#8243; header_text_shadow_blur_strength=\u00bb0.15em\u00bb locked=\u00bboff\u00bb global_colors_info=\u00bb{}\u00bb]<\/p>\n<h1>\u00bfQui\u00e9nes Integran el Concejo del IBCS?<\/h1>\n<p>[\/et_pb_text][\/et_pb_column][\/et_pb_row][\/et_pb_section][et_pb_section fb_built=\u00bb1&#8243; _builder_version=\u00bb4.27.4&#8243; _module_preset=\u00bbdefault\u00bb custom_padding=\u00bb13px||2px|||\u00bb locked=\u00bboff\u00bb global_colors_info=\u00bb{}\u00bb][et_pb_row _builder_version=\u00bb4.27.4&#8243; _module_preset=\u00bbdefault\u00bb custom_padding=\u00bb0px||0px|||\u00bb global_colors_info=\u00bb{}\u00bb][et_pb_column type=\u00bb4_4&#8243; _builder_version=\u00bb4.27.4&#8243; _module_preset=\u00bbdefault\u00bb global_colors_info=\u00bb{}\u00bb][et_pb_image src=\u00bbhttps:\/\/ibcsexam.com\/es\/wp-content\/uploads\/2025\/01\/Separador-02-300&#215;122.png\u00bb title_text=\u00bbSeparador-02&#8243; align=\u00bbcenter\u00bb _builder_version=\u00bb4.27.4&#8243; _module_preset=\u00bbdefault\u00bb transform_scale=\u00bb50%|50%\u00bb custom_padding=\u00bb||0px|||\u00bb global_colors_info=\u00bb{}\u00bb][\/et_pb_image][\/et_pb_column][\/et_pb_row][\/et_pb_section][et_pb_section fb_built=\u00bb1&#8243; disabled_on=\u00bbon|on|off\u00bb _builder_version=\u00bb4.27.4&#8243; _module_preset=\u00bbdefault\u00bb custom_padding=\u00bb12px||13px|||\u00bb locked=\u00bboff\u00bb global_colors_info=\u00bb{}\u00bb][et_pb_row _builder_version=\u00bb4.27.4&#8243; _module_preset=\u00bbdefault\u00bb custom_padding=\u00bb12px||13px|||\u00bb global_colors_info=\u00bb{}\u00bb][et_pb_column type=\u00bb4_4&#8243; _builder_version=\u00bb4.27.4&#8243; _module_preset=\u00bbdefault\u00bb global_colors_info=\u00bb{}\u00bb][et_pb_text _builder_version=\u00bb4.27.4&#8243; _module_preset=\u00bb06031613-4810-48e4-ad15-662fe49d6ade\u00bb text_font=\u00bb&#8211;et_global_heading_font||||||||\u00bb text_text_color=\u00bb#FFFFFF\u00bb text_font_size=\u00bb41px\u00bb header_font=\u00bb&#8211;et_global_heading_font||||||||\u00bb header_text_color=\u00bb#0ca7b5&#8243; header_font_size=\u00bb55px\u00bb header_letter_spacing=\u00bb-1px\u00bb header_2_font=\u00bbPoppins|600|||||||\u00bb header_2_text_color=\u00bb#0e2d41&#8243; header_2_font_size=\u00bb48px\u00bb header_2_line_height=\u00bb1.2em\u00bb custom_margin=\u00bb|103px|54px|78px||\u00bb header_2_font_size_tablet=\u00bb32px\u00bb header_2_font_size_phone=\u00bb20px\u00bb header_2_font_size_last_edited=\u00bbon|desktop\u00bb locked=\u00bboff\u00bb global_colors_info=\u00bb{}\u00bb]<\/p>\n<h1 style=\"text-align: center;\">Miembros del Concejo Internacional de Cirug\u00eda Cosm\u00e9tica (IBCS)<\/h1>\n<p>[\/et_pb_text][et_pb_text _builder_version=\u00bb4.27.4&#8243; _module_preset=\u00bbdefault\u00bb text_font=\u00bb&#8211;et_global_heading_font||||||||\u00bb text_text_color=\u00bb#000000&#8243; text_font_size=\u00bb25px\u00bb text_line_height=\u00bb1.4em\u00bb header_font=\u00bb&#8211;et_global_heading_font||||||||\u00bb header_text_color=\u00bb#000000&#8243; header_font_size=\u00bb59px\u00bb header_letter_spacing=\u00bb-1px\u00bb header_line_height=\u00bb1.1em\u00bb header_2_font=\u00bbPoppins|600|||||||\u00bb header_2_text_color=\u00bb#0e2d41&#8243; header_2_font_size=\u00bb48px\u00bb header_2_line_height=\u00bb1.2em\u00bb custom_margin=\u00bb-15px|||||\u00bb header_2_font_size_tablet=\u00bb32px\u00bb header_2_font_size_phone=\u00bb20px\u00bb header_2_font_size_last_edited=\u00bbon|desktop\u00bb locked=\u00bboff\u00bb global_colors_info=\u00bb{}\u00bb]<\/p>\n<p style=\"text-align: justify;\">Est\u00e1 formado por un grupo exclusivo de cirujanos expertos de renombre mundial. Estos profesionales han sido seleccionados por su compromiso con la excelencia, su formaci\u00f3n continua y su impacto significativo en el campo de la cirug\u00eda cosm\u00e9tica.<\/p>\n<p style=\"text-align: justify;\">A continuaci\u00f3n, presentamos a los miembros actuales que lideran el avance de la cirug\u00eda cosm\u00e9tica a nivel global:<\/p>\n<p style=\"text-align: justify;\">Los miembros titulares del <strong>Board<\/strong> son<\/p>\n<p>[\/et_pb_text][\/et_pb_column][\/et_pb_row][\/et_pb_section][et_pb_section fb_built=\u00bb1&#8243; disabled_on=\u00bboff|off|on\u00bb _builder_version=\u00bb4.27.4&#8243; _module_preset=\u00bbdefault\u00bb custom_padding=\u00bb12px||13px|||\u00bb locked=\u00bboff\u00bb global_colors_info=\u00bb{}\u00bb][et_pb_row _builder_version=\u00bb4.27.4&#8243; _module_preset=\u00bbdefault\u00bb custom_padding=\u00bb12px||13px|||\u00bb global_colors_info=\u00bb{}\u00bb][et_pb_column type=\u00bb4_4&#8243; _builder_version=\u00bb4.27.4&#8243; _module_preset=\u00bbdefault\u00bb global_colors_info=\u00bb{}\u00bb][et_pb_text _builder_version=\u00bb4.27.4&#8243; _module_preset=\u00bb06031613-4810-48e4-ad15-662fe49d6ade\u00bb text_font=\u00bb&#8211;et_global_heading_font||||||||\u00bb text_text_color=\u00bb#FFFFFF\u00bb text_font_size=\u00bb41px\u00bb header_font=\u00bb&#8211;et_global_heading_font||||||||\u00bb header_text_color=\u00bb#0ca7b5&#8243; header_font_size=\u00bb55px\u00bb header_letter_spacing=\u00bb-1px\u00bb header_2_font=\u00bbPoppins|600|||||||\u00bb header_2_text_color=\u00bb#0e2d41&#8243; header_2_font_size=\u00bb48px\u00bb header_2_line_height=\u00bb1.2em\u00bb custom_margin=\u00bb|6px|54px|1px||\u00bb header_font_size_phone=\u00bb27px\u00bb header_2_font_size_tablet=\u00bb32px\u00bb header_2_font_size_phone=\u00bb20px\u00bb header_2_font_size_last_edited=\u00bbon|desktop\u00bb locked=\u00bboff\u00bb global_colors_info=\u00bb{}\u00bb]<\/p>\n<h1 style=\"text-align: center;\">Miembros del Consejo Internacional de Cirug\u00eda Cosm\u00e9tica (IBCS)<\/h1>\n<p>[\/et_pb_text][et_pb_text _builder_version=\u00bb4.27.4&#8243; _module_preset=\u00bbdefault\u00bb text_font=\u00bb&#8211;et_global_heading_font||||||||\u00bb text_text_color=\u00bb#000000&#8243; text_font_size=\u00bb18px\u00bb text_line_height=\u00bb1.4em\u00bb header_font=\u00bb&#8211;et_global_heading_font||||||||\u00bb header_text_color=\u00bb#000000&#8243; header_font_size=\u00bb59px\u00bb header_letter_spacing=\u00bb-1px\u00bb header_line_height=\u00bb1.1em\u00bb header_2_font=\u00bbPoppins|600|||||||\u00bb header_2_text_color=\u00bb#0e2d41&#8243; header_2_font_size=\u00bb48px\u00bb header_2_line_height=\u00bb1.2em\u00bb custom_margin=\u00bb-15px|||||\u00bb header_2_font_size_tablet=\u00bb32px\u00bb header_2_font_size_phone=\u00bb20px\u00bb header_2_font_size_last_edited=\u00bbon|desktop\u00bb locked=\u00bboff\u00bb global_colors_info=\u00bb{}\u00bb]<\/p>\n<p style=\"text-align: justify;\">Est\u00e1 formado por un grupo exclusivo de cirujanos expertos de renombre mundial. Estos profesionales han sido seleccionados por su compromiso con la excelencia, su formaci\u00f3n continua y su impacto significativo en el campo de la cirug\u00eda cosm\u00e9tica.<\/p>\n<p style=\"text-align: justify;\">A continuaci\u00f3n, presentamos a los miembros actuales que lideran el avance de la cirug\u00eda cosm\u00e9tica a nivel global:<\/p>\n<p style=\"text-align: justify;\">Los miembros titulares del <strong>Board<\/strong> son:<\/p>\n<p>[\/et_pb_text][\/et_pb_column][\/et_pb_row][\/et_pb_section][et_pb_section fb_built=\u00bb1&#8243; _builder_version=\u00bb4.27.4&#8243; _module_preset=\u00bbdefault\u00bb custom_padding=\u00bb12px|||||\u00bb global_colors_info=\u00bb{}\u00bb][et_pb_row column_structure=\u00bb1_3,1_3,1_3&#8243; _builder_version=\u00bb4.27.4&#8243; _module_preset=\u00bbdefault\u00bb global_colors_info=\u00bb{}\u00bb][et_pb_column type=\u00bb1_3&#8243; _builder_version=\u00bb4.27.4&#8243; _module_preset=\u00bbdefault\u00bb global_colors_info=\u00bb{}\u00bb][et_pb_team_member name=\u00bbDr. Giorgio Fischer\u00bb position=\u00bbInventor de la lipoescultura\u00bb image_url=\u00bbhttps:\/\/ibcsexam.com\/es\/wp-content\/uploads\/2025\/01\/Dr-Georgo-Fisher.png\u00bb _builder_version=\u00bb4.27.4&#8243; _module_preset=\u00bbdefault\u00bb header_font=\u00bb&#8211;et_global_heading_font||||||||\u00bb header_font_size=\u00bb27px\u00bb header_letter_spacing=\u00bb-1px\u00bb body_font=\u00bb&#8211;et_global_body_font||||||||\u00bb body_font_size=\u00bb15px\u00bb position_font=\u00bb&#8211;et_global_body_font|600|on||||||\u00bb position_letter_spacing=\u00bb-1px\u00bb link_option_url=\u00bbhttps:\/\/ibcsexam.com\/es\/dr-giorgio-fischer-3\/\u00bb global_colors_info=\u00bb{}\u00bb box_shadow_spread__hover_enabled=\u00bbon|desktop\u00bb]<\/p>\n<p><strong>\ud83c\udf96Miembro de Honor<\/strong><br \/><strong>Pa\u00eds:<\/strong> Italia.<\/p>\n<p>[\/et_pb_team_member][\/et_pb_column][et_pb_column type=\u00bb1_3&#8243; _builder_version=\u00bb4.27.4&#8243; _module_preset=\u00bbdefault\u00bb global_colors_info=\u00bb{}\u00bb][et_pb_team_member name=\u00bbDr. Eduardo Dom\u00ednguez\u00bb position=\u00bbCirujano Maxilofacial y Pl\u00e1stico Facial\u00bb image_url=\u00bbhttps:\/\/ibcsexam.com\/es\/wp-content\/uploads\/2025\/01\/Dr-Eduardo-Dominguez-2.png\u00bb _builder_version=\u00bb4.27.4&#8243; _module_preset=\u00bbdefault\u00bb header_font=\u00bb&#8211;et_global_heading_font||||||||\u00bb header_font_size=\u00bb27px\u00bb header_letter_spacing=\u00bb-1px\u00bb body_font=\u00bb&#8211;et_global_body_font||||||||\u00bb body_font_size=\u00bb15px\u00bb position_font=\u00bb&#8211;et_global_body_font|600|on||||||\u00bb position_letter_spacing=\u00bb-1px\u00bb link_option_url=\u00bbhttps:\/\/ibcsexam.com\/es\/dr-eduardo-dominguez-4\/\u00bb locked=\u00bboff\u00bb global_colors_info=\u00bb{}\u00bb box_shadow_spread__hover_enabled=\u00bbon|desktop\u00bb]<\/p>\n<p><strong>\ud83c\udf96Miembro de Honor<\/strong><br \/><strong>Pa\u00eds:<\/strong> Colombia.<\/p>\n<p>[\/et_pb_team_member][\/et_pb_column][et_pb_column type=\u00bb1_3&#8243; _builder_version=\u00bb4.27.4&#8243; _module_preset=\u00bbdefault\u00bb global_colors_info=\u00bb{}\u00bb][et_pb_team_member name=\u00bbDr. Angel D Pecorelli\u00bb position=\u00bbCirujano Pl\u00e1stico\u00bb image_url=\u00bbhttps:\/\/ibcsexam.com\/es\/wp-content\/uploads\/2025\/01\/Dr-Angel-D-Pecorelli.png\u00bb _builder_version=\u00bb4.27.4&#8243; _module_preset=\u00bbdefault\u00bb header_font=\u00bb&#8211;et_global_heading_font||||||||\u00bb header_font_size=\u00bb27px\u00bb header_letter_spacing=\u00bb-1px\u00bb body_font=\u00bb&#8211;et_global_body_font||||||||\u00bb body_font_size=\u00bb15px\u00bb position_font=\u00bb&#8211;et_global_body_font|600|on||||||\u00bb position_letter_spacing=\u00bb-1px\u00bb link_option_url=\u00bbhttps:\/\/ibcsexam.com\/es\/dr-angel-d-pecorelli-2\/\u00bb locked=\u00bboff\u00bb global_colors_info=\u00bb{}\u00bb box_shadow_spread__hover_enabled=\u00bbon|desktop\u00bb]<\/p>\n<p><strong>Pa\u00eds:<\/strong> Venezuela.<\/p>\n<p>[\/et_pb_team_member][\/et_pb_column][\/et_pb_row][et_pb_row column_structure=\u00bb1_3,1_3,1_3&#8243; _builder_version=\u00bb4.27.4&#8243; _module_preset=\u00bbdefault\u00bb global_colors_info=\u00bb{}\u00bb][et_pb_column type=\u00bb1_3&#8243; _builder_version=\u00bb4.27.4&#8243; _module_preset=\u00bbdefault\u00bb global_colors_info=\u00bb{}\u00bb][et_pb_team_member name=\u00bbDr. Nabil Fakih\u00bb position=\u00bbCirujano Maxilofacial\u00bb image_url=\u00bbhttps:\/\/ibcsexam.com\/es\/wp-content\/uploads\/2025\/01\/Dr.-NABIL-FAKIH.png\u00bb _builder_version=\u00bb4.27.4&#8243; _module_preset=\u00bbdefault\u00bb header_font=\u00bb&#8211;et_global_heading_font||||||||\u00bb header_font_size=\u00bb27px\u00bb header_letter_spacing=\u00bb-1px\u00bb body_font=\u00bb&#8211;et_global_body_font||||||||\u00bb body_font_size=\u00bb15px\u00bb position_font=\u00bb&#8211;et_global_body_font|600|on||||||\u00bb position_letter_spacing=\u00bb-1px\u00bb link_option_url=\u00bbhttps:\/\/ibcsexam.com\/es\/dr-nabil-fakih-2\/\u00bb global_colors_info=\u00bb{}\u00bb box_shadow_spread__hover_enabled=\u00bbon|desktop\u00bb]<\/p>\n<p><strong>Pa\u00eds:<\/strong> Espa\u00f1a.<\/p>\n<p>[\/et_pb_team_member][\/et_pb_column][et_pb_column type=\u00bb1_3&#8243; _builder_version=\u00bb4.27.4&#8243; _module_preset=\u00bbdefault\u00bb global_colors_info=\u00bb{}\u00bb][et_pb_team_member name=\u00bbDr. Gabriele Cricr\u00ec\u00bb position=\u00bbCirujano Pl\u00e1stico\u00bb image_url=\u00bbhttps:\/\/ibcsexam.com\/es\/wp-content\/uploads\/2025\/01\/Dr.-Gabriele-Cricri.png\u00bb _builder_version=\u00bb4.27.4&#8243; _module_preset=\u00bbdefault\u00bb header_font=\u00bb&#8211;et_global_heading_font||||||||\u00bb header_font_size=\u00bb27px\u00bb header_letter_spacing=\u00bb-1px\u00bb body_font=\u00bb&#8211;et_global_body_font||||||||\u00bb body_font_size=\u00bb15px\u00bb position_font=\u00bb&#8211;et_global_body_font|600|on||||||\u00bb position_letter_spacing=\u00bb-1px\u00bb link_option_url=\u00bbhttps:\/\/ibcsexam.com\/es\/dr-gabriele-cricri-2\/\u00bb locked=\u00bboff\u00bb global_colors_info=\u00bb{}\u00bb box_shadow_spread__hover_enabled=\u00bbon|desktop\u00bb]<\/p>\n<p><strong>Pa\u00eds:<\/strong> Italia.<\/p>\n<p>[\/et_pb_team_member][\/et_pb_column][et_pb_column type=\u00bb1_3&#8243; _builder_version=\u00bb4.27.4&#8243; _module_preset=\u00bbdefault\u00bb global_colors_info=\u00bb{}\u00bb][et_pb_team_member name=\u00bbDr. Lessandro Martins\u00bb position=\u00bbOtorrinolaring\u00f3logo y Cirujano Pl\u00e1stico Facial\u00bb image_url=\u00bbhttps:\/\/ibcsexam.com\/es\/wp-content\/uploads\/2025\/06\/Sin-titulo-800-x-1100-px-3.png\u00bb _builder_version=\u00bb4.27.4&#8243; _module_preset=\u00bbdefault\u00bb header_font=\u00bb&#8211;et_global_heading_font||||||||\u00bb header_font_size=\u00bb27px\u00bb header_letter_spacing=\u00bb-1px\u00bb body_font=\u00bb&#8211;et_global_body_font||||||||\u00bb body_font_size=\u00bb15px\u00bb position_font=\u00bb&#8211;et_global_body_font|600|on||||||\u00bb position_letter_spacing=\u00bb-1px\u00bb link_option_url=\u00bbhttps:\/\/ibcsexam.com\/es\/dr-lessandro-martins\/\u00bb global_colors_info=\u00bb{}\u00bb]<\/p>\n<p><strong>Pa\u00eds:<\/strong> Brasil.<\/p>\n<p>[\/et_pb_team_member][\/et_pb_column][\/et_pb_row][\/et_pb_section]<\/p>\n","protected":false},"excerpt":{"rendered":"<p>\u00bfQui\u00e9nes Integran el Concejo del IBCS?\u00bfQui\u00e9nes Integran el Concejo del IBCS?Miembros del Concejo Internacional de Cirug\u00eda Cosm\u00e9tica (IBCS)Est\u00e1 formado por un grupo exclusivo de cirujanos expertos de renombre mundial. Estos profesionales han sido seleccionados por su compromiso con la excelencia, su formaci\u00f3n continua y su impacto significativo en el campo de la cirug\u00eda cosm\u00e9tica. A [&hellip;]<\/p>\n","protected":false},"author":1,"featured_media":0,"parent":0,"menu_order":0,"comment_status":"closed","ping_status":"closed","template":"","meta":{"_et_pb_use_builder":"on","_et_pb_old_content":"","_et_gb_content_width":"","om_disable_all_campaigns":false,"_uag_custom_page_level_css":"","_monsterinsights_skip_tracking":false,"_monsterinsights_sitenote_active":false,"_monsterinsights_sitenote_note":"","_monsterinsights_sitenote_category":0,"footnotes":""},"class_list":["post-10547","page","type-page","status-publish","hentry"],"uagb_featured_image_src":{"full":false,"thumbnail":false,"medium":false,"medium_large":false,"large":false,"nd_cc_image_size_1110_570":false,"nd_cc_image_size_720_720":false,"1536x1536":false,"2048x2048":false,"et-pb-post-main-image":false,"et-pb-post-main-image-fullwidth":false,"et-pb-portfolio-image":false,"et-pb-portfolio-module-image":false,"et-pb-portfolio-image-single":false,"et-pb-gallery-module-image-portrait":false,"et-pb-post-main-image-fullwidth-large":false,"et-pb-image--responsive--desktop":false,"et-pb-image--responsive--tablet":false,"et-pb-image--responsive--phone":false,"woocommerce_thumbnail":false,"woocommerce_single":false,"woocommerce_gallery_thumbnail":false},"uagb_author_info":{"display_name":"adrianasolartecruz@gmail.com","author_link":"https:\/\/ibcsexam.com\/es\/author\/adrianasolartecruzgmail-com\/"},"uagb_comment_info":0,"uagb_excerpt":"\u00bfQui\u00e9nes Integran el Concejo del IBCS?\u00bfQui\u00e9nes Integran el Concejo del IBCS?Miembros del Concejo Internacional de Cirug\u00eda Cosm\u00e9tica (IBCS)Est\u00e1 formado por un grupo exclusivo de cirujanos expertos de renombre mundial. Estos profesionales han sido seleccionados por su compromiso con la excelencia, su formaci\u00f3n continua y su impacto significativo en el campo de la cirug\u00eda cosm\u00e9tica. A&hellip;","_links":{"self":[{"href":"https:\/\/ibcsexam.com\/es\/wp-json\/wp\/v2\/pages\/10547","targetHints":{"allow":["GET"]}}],"collection":[{"href":"https:\/\/ibcsexam.com\/es\/wp-json\/wp\/v2\/pages"}],"about":[{"href":"https:\/\/ibcsexam.com\/es\/wp-json\/wp\/v2\/types\/page"}],"author":[{"embeddable":true,"href":"https:\/\/ibcsexam.com\/es\/wp-json\/wp\/v2\/users\/1"}],"replies":[{"embeddable":true,"href":"https:\/\/ibcsexam.com\/es\/wp-json\/wp\/v2\/comments?post=10547"}],"version-history":[{"count":14,"href":"https:\/\/ibcsexam.com\/es\/wp-json\/wp\/v2\/pages\/10547\/revisions"}],"predecessor-version":[{"id":10769,"href":"https:\/\/ibcsexam.com\/es\/wp-json\/wp\/v2\/pages\/10547\/revisions\/10769"}],"wp:attachment":[{"href":"https:\/\/ibcsexam.com\/es\/wp-json\/wp\/v2\/media?parent=10547"}],"curies":[{"name":"wp","href":"https:\/\/api.w.org\/{rel}","templated":true}]}}